{"id":450,"date":"2016-05-22T14:39:53","date_gmt":"2016-05-22T11:39:53","guid":{"rendered":"http:\/\/www.villadanlin.com\/fr\/?page_id=450"},"modified":"2016-05-27T11:06:39","modified_gmt":"2016-05-27T08:06:39","slug":"gocek","status":"publish","type":"page","link":"http:\/\/www.villadanlin.com\/fr\/gocek\/","title":{"rendered":"G\u00f6cek"},"content":{"rendered":"<div class=\"fusion-fullwidth fullwidth-box fusion-fullwidth-1  fusion-parallax-none nonhundred-percent-fullwidth\" style=\"border-color:#eae9e9;border-bottom-width: 0px;border-top-width: 0px;border-bottom-style: solid;border-top-style: solid;padding-bottom:50px;padding-top:50px;padding-left:;padding-right:;background-color:#e8e8e8;\"><style type=\"text\/css\" scoped=\"scoped\">.fusion-fullwidth-1 {\n                            padding-left: px !important;\n                            padding-right: px !important;\n                        }<\/style><div class=\"fusion-row\"><div class=\"fusion-one-half fusion-layout-column fusion-spacing-yes\" style=\"margin-top:0px;margin-bottom:0px;\"><div class=\"fusion-column-wrapper\"><h1 style=\"text-align: center;\">G\u00f6cek<\/h1>\n<p style=\"text-align: center;\">A seulement 22 km de l&rsquo;a\u00e9roport international de Dalaman, G\u00f6cek est un petit village de bord de mer sur la c\u00f4te sud \u00e9g\u00e9enne. Nich\u00e9e entre mer, montagnes et somptueuses for\u00eats, la splendide baie de G\u00f6cek, parsem\u00e9e d&rsquo;\u00eeles et cribl\u00e9e de criques, offre d&rsquo;irr\u00e9sistibles paysages et panoramas. Situ\u00e9 dans le golfe de Fethiye et ax\u00e9 sur le tourisme de yachts, G\u00f6cek est devenu un des ports de plaisance les plus reconnus de Turquie et est certes une incontournable escale pour les navigateurs du fameux \u00ab\u00a0Voyage Bleu\u00a0\u00bb. Excellent point de d\u00e9part pour des excursions en bateau vers les 12 \u00eeles enchanteresses de la baie, G\u00f6cek est aussi un point de rendez-vous pour appr\u00e9cier le charme du village. En effet, apr\u00e8s vous \u00eatre promen\u00e9 sur la jet\u00e9e, vous pourrez d\u00e9couvrir le centre-ville avec ses diverses boutiques de tapis, bijoux, souvenirs et aussi ses bars et restaurants.\u00a0G\u00f6cek offre aussi aux amoureux de la nature un large \u00e9ventail de possibilit\u00e9s d&rsquo;excursions et de visites de sites naturelles et arch\u00e9ologiques de la r\u00e9gion. En effet, G\u00f6cek est un excellent point de d\u00e9part pour d\u00e9couvrir les c\u00f4tes sud \u00e9g\u00e9enne et m\u00e9diterran\u00e9enne de la Turquie et ses nombreuses petites villes typiques, telles que Fethiye, \u00d6l\u00fcdeniz, Dalyan, etc\u2026<\/p>\n<div class=\"fusion-clearfix\"><\/div><\/div><\/div><div class=\"fusion-one-half fusion-layout-column fusion-column-last fusion-spacing-yes\" style=\"margin-top:0px;margin-bottom:0px;\"><div class=\"fusion-column-wrapper\"><div class=\"fusion-image-carousel fusion-image-carousel-auto lightbox-enabled\"><div class=\"fusion-carousel\" data-autoplay=\"yes\" data-columns=\"1\" data-itemmargin=\"13\" data-itemwidth=\"180\" data-touchscroll=\"no\" data-imagesize=\"auto\" data-scrollitems=\"1\"><div class=\"fusion-carousel-positioner\"><ul class=\"fusion-carousel-holder\"><li class=\"fusion-carousel-item\"><div class=\"fusion-carousel-item-wrapper\"><div class=\"fusion-image-wrapper hover-type-none\"><a data-rel=\"iLightbox[gallery_image_1]\" data-title=\"gocekresim (8)\" href=\"http:\/\/www.villadanlin.com\/wp-content\/uploads\/2016\/05\/gocekresim-8.jpg\" target=\"_self\"><img loading=\"lazy\" decoding=\"async\" src=\"http:\/\/www.villadanlin.com\/wp-content\/uploads\/2016\/05\/gocekresim-8.jpg\" width=\"866\" height=\"960\" alt=\"\" \/><\/a><\/div><\/div><\/li><li class=\"fusion-carousel-item\"><div class=\"fusion-carousel-item-wrapper\"><div class=\"fusion-image-wrapper hover-type-none\"><a data-rel=\"iLightbox[gallery_image_1]\" data-title=\"gocekresim (7)\" href=\"http:\/\/www.villadanlin.com\/wp-content\/uploads\/2016\/05\/gocekresim-7.jpg\" target=\"_self\"><img loading=\"lazy\" decoding=\"async\" src=\"http:\/\/www.villadanlin.com\/wp-content\/uploads\/2016\/05\/gocekresim-7.jpg\" width=\"866\" height=\"960\" alt=\"\" \/><\/a><\/div><\/div><\/li><li class=\"fusion-carousel-item\"><div class=\"fusion-carousel-item-wrapper\"><div class=\"fusion-image-wrapper hover-type-none\"><a data-rel=\"iLightbox[gallery_image_1]\" data-title=\"gocekresim (6)\" href=\"http:\/\/www.villadanlin.com\/wp-content\/uploads\/2016\/05\/gocekresim-6.jpg\" target=\"_self\"><img loading=\"lazy\" decoding=\"async\" src=\"http:\/\/www.villadanlin.com\/wp-content\/uploads\/2016\/05\/gocekresim-6.jpg\" width=\"866\" height=\"960\" alt=\"\" \/><\/a><\/div><\/div><\/li><li class=\"fusion-carousel-item\"><div class=\"fusion-carousel-item-wrapper\"><div class=\"fusion-image-wrapper hover-type-none\"><a data-rel=\"iLightbox[gallery_image_1]\" data-title=\"gocekresim (5)\" href=\"http:\/\/www.villadanlin.com\/wp-content\/uploads\/2016\/05\/gocekresim-5.jpg\" target=\"_self\"><img loading=\"lazy\" decoding=\"async\" src=\"http:\/\/www.villadanlin.com\/wp-content\/uploads\/2016\/05\/gocekresim-5.jpg\" width=\"866\" height=\"960\" alt=\"\" \/><\/a><\/div><\/div><\/li><li class=\"fusion-carousel-item\"><div class=\"fusion-carousel-item-wrapper\"><div class=\"fusion-image-wrapper hover-type-none\"><a data-rel=\"iLightbox[gallery_image_1]\" data-title=\"gocekresim (4)\" href=\"http:\/\/www.villadanlin.com\/wp-content\/uploads\/2016\/05\/gocekresim-4.jpg\" target=\"_self\"><img loading=\"lazy\" decoding=\"async\" src=\"http:\/\/www.villadanlin.com\/wp-content\/uploads\/2016\/05\/gocekresim-4.jpg\" width=\"866\" height=\"960\" alt=\"\" \/><\/a><\/div><\/div><\/li><li class=\"fusion-carousel-item\"><div class=\"fusion-carousel-item-wrapper\"><div class=\"fusion-image-wrapper hover-type-none\"><a data-rel=\"iLightbox[gallery_image_1]\" data-title=\"gocekresim (3)\" href=\"http:\/\/www.villadanlin.com\/wp-content\/uploads\/2016\/05\/gocekresim-3.jpg\" target=\"_self\"><img loading=\"lazy\" decoding=\"async\" src=\"http:\/\/www.villadanlin.com\/wp-content\/uploads\/2016\/05\/gocekresim-3.jpg\" width=\"866\" height=\"960\" alt=\"\" \/><\/a><\/div><\/div><\/li><li class=\"fusion-carousel-item\"><div class=\"fusion-carousel-item-wrapper\"><div class=\"fusion-image-wrapper hover-type-none\"><a data-rel=\"iLightbox[gallery_image_1]\" data-title=\"gocekresim (2)\" href=\"http:\/\/www.villadanlin.com\/wp-content\/uploads\/2016\/05\/gocekresim-2.jpg\" target=\"_self\"><img loading=\"lazy\" decoding=\"async\" src=\"http:\/\/www.villadanlin.com\/wp-content\/uploads\/2016\/05\/gocekresim-2.jpg\" width=\"866\" height=\"960\" alt=\"\" \/><\/a><\/div><\/div><\/li><li class=\"fusion-carousel-item\"><div class=\"fusion-carousel-item-wrapper\"><div class=\"fusion-image-wrapper hover-type-none\"><a data-rel=\"iLightbox[gallery_image_1]\" data-title=\"gocekresim (1)\" href=\"http:\/\/www.villadanlin.com\/wp-content\/uploads\/2016\/05\/gocekresim-1.jpg\" target=\"_self\"><img loading=\"lazy\" decoding=\"async\" src=\"http:\/\/www.villadanlin.com\/wp-content\/uploads\/2016\/05\/gocekresim-1.jpg\" width=\"866\" height=\"960\" alt=\"\" \/><\/a><\/div><\/div><\/li><\/ul><div class=\"fusion-carousel-nav\"><span class=\"fusion-nav-prev\"><\/span><span class=\"fusion-nav-next\"><\/span><\/div><\/div><\/div><\/div><div class=\"fusion-clearfix\"><\/div><\/div><\/div><div class=\"fusion-clearfix\"><\/div><div class=\"fusion-one-half fusion-layout-column fusion-spacing-yes\" style=\"margin-top:0px;margin-bottom:0px;\"><div class=\"fusion-column-wrapper\"><div class=\"imageframe-align-center\"><span class=\"fusion-imageframe imageframe-bottomshadow imageframe-1 element-bottomshadow hover-type-none\"><a href=\"http:\/\/www.villadanlin.com\/wp-content\/uploads\/2016\/05\/gocek-haritasi-22.jpg\" class=\"fusion-lightbox\" data-rel=\"iLightbox[38780cc0157cd01dfa8]\" data-title=\"gocek-haritasi-22\"> <img decoding=\"async\" src=\"http:\/\/www.villadanlin.com\/wp-content\/uploads\/2016\/05\/gocek-haritasi-22.jpg\" alt=\"\" class=\"img-responsive\"width=\"900\" height=\"478\"\/><\/a><\/span><\/div><div class=\"fusion-clearfix\"><\/div><\/div><\/div><div class=\"fusion-one-half fusion-layout-column fusion-column-last fusion-spacing-yes\" style=\"margin-top:0px;margin-bottom:0px;\"><div class=\"fusion-column-wrapper\"><div class=\"imageframe-align-center\"><span class=\"fusion-imageframe imageframe-bottomshadow imageframe-2 element-bottomshadow hover-type-none\"><a href=\"http:\/\/www.villadanlin.com\/wp-content\/uploads\/2016\/05\/gocek-harita-1.jpg\" class=\"fusion-lightbox\" data-rel=\"iLightbox[ad4f99fac70cdebe7ec]\" data-title=\"gocek harita (1)\"> <img decoding=\"async\" src=\"http:\/\/www.villadanlin.com\/wp-content\/uploads\/2016\/05\/gocek-harita-1.jpg\" alt=\"\" class=\"img-responsive\"width=\"900\" height=\"478\"\/><\/a><\/span><\/div><div class=\"fusion-clearfix\"><\/div><\/div><\/div><div class=\"fusion-clearfix\"><\/div><div class=\"fusion-one-half fusion-layout-column fusion-spacing-yes\" style=\"margin-top:0px;margin-bottom:0px;\"><div class=\"fusion-column-wrapper\"><h3 style=\"text-align: center;\">Activit\u00e9s dans G\u00f6cek<\/h3>\n<ul>\n<li>Excursion bateau en priv\u00e9 ou en groupes (les 12 \u00eeles de G\u00f6cek)<\/li>\n<li>Plage d\u2019Inlice (\u00e0 5 minutes en voiture \u2013 Plage Publique)<\/li>\n<li>Plage de l\u2019\u00eele de G\u00f6cek<\/li>\n<li>Plage du D-Marin<\/li>\n<li>Visite des baies de G\u00f6cek en voiture (les baies d\u2019Ayten, Boynuzb\u00fck\u00fc, Sarsala, etc.)<\/li>\n<li>Balades dans la nature<\/li>\n<li>Balades en moto<\/li>\n<li>Balades en v\u00e9lo<\/li>\n<li>Sports Nautiques (Ski Nautique, Banana, etc.)<\/li>\n<li>Tennis<\/li>\n<li>Comp\u00e9titions de Voile<\/li>\n<\/ul>\n<div class=\"fusion-clearfix\"><\/div><\/div><\/div><div class=\"fusion-one-half fusion-layout-column fusion-column-last fusion-spacing-yes\" style=\"margin-top:0px;margin-bottom:0px;\"><div class=\"fusion-column-wrapper\"><h3 style=\"text-align: center;\">Activit\u00e9s aux alentours de G\u00f6cek<\/h3>\n<p>Situ\u00e9 \u00e0 seulement 20 km de l&rsquo;a\u00e9roport de Dalaman, G\u00f6cek offre avec son emplacement id\u00e9al la possibilit\u00e9 de visiter aussi de nombreux sites \u00e0 la journ\u00e9e.<\/p>\n<p>En direction de Marmaris ;<\/p>\n<ul>\n<li>Rafting sur la rivi\u00e8re de Dalaman \u2013 30 km<\/li>\n<li>Sar\u0131germe (Plage) \u2013 30 km<\/li>\n<li>Dalyan (Plage d\u2019\u0130zTuzu, Tortues Caretta, Kaunos, Tombes dans les Rochers, Bains de Boues) \u2013 30 km<\/li>\n<li>Akyaka G\u00f6kova (Nature, Plage, Kitesurf, Windsurf) \u2013\u00a0 80 km<\/li>\n<\/ul>\n<p>En direction de Ka\u015f ;<\/p>\n<ul>\n<li>Equitation \u00e0 Yan\u0131klar \u2013 20 km<\/li>\n<li>Fethiye (Centre ville et les Tombes dans les Rochers) \u2013 30 km<\/li>\n<li>Kaya K\u00f6y\u00fc \u2013 35 km<\/li>\n<li>\u00d6l\u00fcdeniz (Plage, Parapente) \u2013 40 km<\/li>\n<li>La Baie de Kabak, La Vall\u00e9e des Papillons (Plage, Marche dans la Nature) \u2013 45 km<\/li>\n<li>Sakl\u0131kent (Marche dans le Canyon) \u2013 60 km<\/li>\n<li>Tlos, site antique \u2013 60 km<\/li>\n<li>Plage de Patara \u2013 70 km<\/li>\n<li>Xanthos, site antique \u2013 70 km<\/li>\n<\/ul>\n<div class=\"fusion-clearfix\"><\/div><\/div><\/div><div class=\"fusion-clearfix\"><\/div><\/div><\/div>\n","protected":false},"excerpt":{"rendered":"","protected":false},"author":1,"featured_media":0,"parent":0,"menu_order":0,"comment_status":"closed","ping_status":"closed","template":"100-width.php","meta":{"_sitemap_exclude":false,"_sitemap_priority":"","_sitemap_frequency":"","footnotes":""},"class_list":["post-450","page","type-page","status-publish","hentry"],"_links":{"self":[{"href":"http:\/\/www.villadanlin.com\/fr\/wp-json\/wp\/v2\/pages\/450","targetHints":{"allow":["GET"]}}],"collection":[{"href":"http:\/\/www.villadanlin.com\/fr\/wp-json\/wp\/v2\/pages"}],"about":[{"href":"http:\/\/www.villadanlin.com\/fr\/wp-json\/wp\/v2\/types\/page"}],"author":[{"embeddable":true,"href":"http:\/\/www.villadanlin.com\/fr\/wp-json\/wp\/v2\/users\/1"}],"replies":[{"embeddable":true,"href":"http:\/\/www.villadanlin.com\/fr\/wp-json\/wp\/v2\/comments?post=450"}],"version-history":[{"count":0,"href":"http:\/\/www.villadanlin.com\/fr\/wp-json\/wp\/v2\/pages\/450\/revisions"}],"wp:attachment":[{"href":"http:\/\/www.villadanlin.com\/fr\/wp-json\/wp\/v2\/media?parent=450"}],"curies":[{"name":"wp","href":"https:\/\/api.w.org\/{rel}","templated":true}]}}