{"id":444,"date":"2016-05-11T23:04:23","date_gmt":"2016-05-11T20:04:23","guid":{"rendered":"http:\/\/www.villadanlin.com\/fr\/?page_id=444"},"modified":"2016-05-27T11:00:44","modified_gmt":"2016-05-27T08:00:44","slug":"notre-histoire","status":"publish","type":"page","link":"http:\/\/www.villadanlin.com\/fr\/notre-histoire\/","title":{"rendered":"Notre Histoire"},"content":{"rendered":"<div class=\"fusion-fullwidth fullwidth-box fusion-fullwidth-1  fusion-parallax-none nonhundred-percent-fullwidth\" style=\"border-color:#eae9e9;border-bottom-width: 0px;border-top-width: 0px;border-bottom-style: solid;border-top-style: solid;padding-bottom:50px;padding-top:50px;padding-left:;padding-right:;background-color:#e8e8e8;background-position:center top;background-repeat:no-repeat;-webkit-background-size:cover;-moz-background-size:cover;-o-background-size:cover;background-size:cover;-ms-filter: &quot;progid:DXImageTransform.Microsoft.AlphaImageLoader(src=&#039;http:\/\/www.villadanlin.com\/wp-content\/uploads\/2016\/05\/hakki-arka.jpg&#039;, sizingMethod=&#039;scale&#039;)&quot;;background-image: url(http:\/\/www.villadanlin.com\/wp-content\/uploads\/2016\/05\/hakki-arka.jpg);\"><style type=\"text\/css\" scoped=\"scoped\">.fusion-fullwidth-1 {\n                            padding-left: px !important;\n                            padding-right: px !important;\n                        }<\/style><div class=\"fusion-row\"><div class=\"fusion-one-half fusion-layout-column fusion-spacing-yes\" style=\"margin-top:0px;margin-bottom:0px;\"><div class=\"fusion-column-wrapper\"><p style=\"text-align: justify;\">L&rsquo;histoire d\u00e9bute par la rencontre en France des 2 personnages principaux; U\u011fur et Fran\u00e7oise qui d\u00e9cident par la suite de s\u2019installer en Turquie avec leurs deux filles Aylin et Aydan.<\/p>\n<p style=\"text-align: justify;\">Un \u00e9t\u00e9 o\u00f9 ils partent en vacances en famille comme \u00e0 leur habitude, ils d\u00e9couvrent un petit village appel\u00e9 G\u00f6cek et tombe amoureux du c\u00f4t\u00e9 authentique du village, du paysage naturel ainsi que de ses habitants chaleureux et d\u00e9cident d\u2019y passer r\u00e9gulierement leurs prochaines vacances. Etant donn\u00e9 que les vacances ne suffisent pas \u00e0 profiter pleinement de G\u00f6cek, ils d\u00e9cident d\u2019y construire une maison. Ils pr\u00e9parent minutueusement leur future maison ainsi que leur jardin et commencent ainsi \u00e0 profiter de G\u00f6cek.<\/p>\n<div class=\"fusion-clearfix\"><\/div><\/div><\/div><div class=\"fusion-one-half fusion-layout-column fusion-column-last fusion-spacing-yes\" style=\"margin-top:0px;margin-bottom:0px;\"><div class=\"fusion-column-wrapper\"><div class=\"imageframe-align-center\"><span style=\"-moz-box-shadow: 2px 3px 7px rgba(0,0,0,.3);-webkit-box-shadow: 2px 3px 7px rgba(0,0,0,.3);box-shadow: 2px 3px 7px rgba(0,0,0,.3);\" class=\"fusion-imageframe imageframe-dropshadow imageframe-1 hover-type-none\"> <img decoding=\"async\" src=\"http:\/\/www.villadanlin.com\/wp-content\/uploads\/2016\/05\/danlin-h1.jpg\" alt=\"\" class=\"img-responsive\"width=\"747\" height=\"500\"\/><\/span><\/div><div class=\"fusion-clearfix\"><\/div><\/div><\/div><div class=\"fusion-clearfix\"><\/div><div class=\"fusion-sep-clear\"><\/div><div class=\"fusion-separator fusion-full-width-sep sep-none\" style=\"border-color:#e0dede;margin-left: auto;margin-right: auto;margin-top:25px;\"><\/div><div class=\"fusion-one-half fusion-layout-column fusion-spacing-yes\" style=\"margin-top:0px;margin-bottom:0px;\"><div class=\"fusion-column-wrapper\"><div class=\"imageframe-align-center\"><span style=\"-moz-box-shadow: 2px 3px 7px rgba(0,0,0,.3);-webkit-box-shadow: 2px 3px 7px rgba(0,0,0,.3);box-shadow: 2px 3px 7px rgba(0,0,0,.3);\" class=\"fusion-imageframe imageframe-dropshadow imageframe-2 hover-type-none\"> <img decoding=\"async\" src=\"http:\/\/www.villadanlin.com\/wp-content\/uploads\/2016\/05\/danlin-h2.jpg\" alt=\"\" class=\"img-responsive\"width=\"747\" height=\"500\"\/><\/span><\/div><div class=\"fusion-clearfix\"><\/div><\/div><\/div><div class=\"fusion-one-half fusion-layout-column fusion-column-last fusion-spacing-yes\" style=\"margin-top:0px;margin-bottom:0px;\"><div class=\"fusion-column-wrapper\"><p style=\"text-align: justify;\">Impossible de passer sans dire un mot sur le magnifique jardin cr\u00e9e par Fran\u00e7oise avec le plus grand soin et qui sert d&rsquo;air de jeux aux 2 petits chats de la maison. D\u2019un bout \u00e0 l\u2019autre de ce grand jardin botanique, y sont rassembl\u00e9es de nombreuses plantes et fleurs: du grand caoutchouc au mandarinier, de la glycine au bougainvillier. Il n\u2019y a pour eux de plus grand plaisir que de partager avec leurs amis qui passent un verre de limonade fraichement press\u00e9e avec les citrons du jardin afin de tous se d\u00e9salt\u00e9rer. Ainsi, les ann\u00e9es passent et le nombre de personnes venant d\u00e9couvrir la beaut\u00e9 de G\u00f6cek augmente \u00e9galement. U\u011fur pense que les \u00e9tablissements existants vont vite \u00eatre insuffisants et propose son projet au reste de la famille: ouvrir un petit h\u00f4tel dans le centre-ville de G\u00f6cek ! L\u2019id\u00e9e est accept\u00e9e et ainsi commence en 2000 la construction minutieuse de l\u2019h\u00f4tel qui durera environ 3 ans.<\/p>\n<p style=\"text-align: justify;\">U\u011fur et Fran\u00e7oise apportent \u00e0 l\u2019h\u00f4tel leurs petites touches personnelles suite \u00e0 leurs voyages faits dans le pass\u00e9. Ils offrent aux clients ce dont ils souhaitent trouver dans un h\u00f4tel ainsi que le confort et les petits d\u00e9tails qui forment aujourd\u2019hui la personnalit\u00e9 de l\u2019h\u00f4tel. Arrive la fin de la construction, il ne reste plus qu\u2019\u00e0 trouver le nom de l\u2019h\u00f4tel. Sans h\u00e9siter, U\u011fur propose le nom Villa <strong>DanLin<\/strong>, issu des noms de leurs 2 filles, Ay<strong>dan<\/strong>\u00a0et Ay<strong>lin<\/strong>.<\/p>\n<div class=\"fusion-clearfix\"><\/div><\/div><\/div><div class=\"fusion-clearfix\"><\/div><div class=\"fusion-one-half fusion-layout-column fusion-spacing-yes\" style=\"margin-top:0px;margin-bottom:0px;\"><div class=\"fusion-column-wrapper\"><p style=\"text-align: justify;\">En effet, cette petite histoire retrace une petite partie de la vie de la famille G\u00f6kt\u00fcrk et de leur motivation pour faire le travail qu\u2019ils aiment tous. Mais ne pensez surtout pas que ce projet reste un projet amateur; suite \u00e0 leurs ann\u00e9es d\u2019\u00e9tudes pass\u00e9es en France et aux Etats-Unis, les deux filles viennent \u00e9galement \u00e0 G\u00f6cek faire profiter Villa DanLin de leurs acquis. D\u2019abord Aylin prend un grand plaisir \u00e0 vivre cette experience h\u00f4teli\u00e8re pendant la premi\u00e8re saison, puis Fran\u00e7oise prend le relais pendant plusieurs ann\u00e9es avec grand enthousiasme. Depuis 2 ann\u00e9es maintenant c\u2019est Aydan et son mari Bahad\u0131r qui g\u00e8rent l\u2019h\u00f4tel tout en faisant profiter \u00e0 leurs deux enfants de 4 et 3 ans les beaut\u00e9s du village de G\u00f6cek. Quant \u00e0 U\u011fur et Fran\u00e7oise&#8230; Ils ne manquent pas de passer \u00e0 la moindre occasion \u00e0 l\u2019h\u00f4tel pour jeter un coup d\u2019oeil. Qui sait, peut \u00eatre que vous les croiserez une soir\u00e9e sur la terrasse de Villa DanLin et vous \u00e9couterez le reste de l\u2019histoire, ainsi que les d\u00e9tails croustillants de cette histoire par les personnages de cette histoire en personne.<\/p>\n<div class=\"fusion-clearfix\"><\/div><\/div><\/div><div class=\"fusion-one-half fusion-layout-column fusion-column-last fusion-spacing-yes\" style=\"margin-top:0px;margin-bottom:0px;\"><div class=\"fusion-column-wrapper\"><div class=\"imageframe-align-center\"><span style=\"-moz-box-shadow: 2px 3px 7px rgba(0,0,0,.3);-webkit-box-shadow: 2px 3px 7px rgba(0,0,0,.3);box-shadow: 2px 3px 7px rgba(0,0,0,.3);\" class=\"fusion-imageframe imageframe-dropshadow imageframe-3 hover-type-none\"> <img decoding=\"async\" src=\"http:\/\/www.villadanlin.com\/wp-content\/uploads\/2016\/05\/danlin-h3.jpg\" alt=\"\" class=\"img-responsive\"width=\"747\" height=\"500\"\/><\/span><\/div><div class=\"fusion-clearfix\"><\/div><\/div><\/div><div class=\"fusion-clearfix\"><\/div><\/div><\/div>\n","protected":false},"excerpt":{"rendered":"","protected":false},"author":1,"featured_media":0,"parent":0,"menu_order":0,"comment_status":"closed","ping_status":"closed","template":"100-width.php","meta":{"_sitemap_exclude":false,"_sitemap_priority":"","_sitemap_frequency":"","footnotes":""},"class_list":["post-444","page","type-page","status-publish","hentry"],"_links":{"self":[{"href":"http:\/\/www.villadanlin.com\/fr\/wp-json\/wp\/v2\/pages\/444","targetHints":{"allow":["GET"]}}],"collection":[{"href":"http:\/\/www.villadanlin.com\/fr\/wp-json\/wp\/v2\/pages"}],"about":[{"href":"http:\/\/www.villadanlin.com\/fr\/wp-json\/wp\/v2\/types\/page"}],"author":[{"embeddable":true,"href":"http:\/\/www.villadanlin.com\/fr\/wp-json\/wp\/v2\/users\/1"}],"replies":[{"embeddable":true,"href":"http:\/\/www.villadanlin.com\/fr\/wp-json\/wp\/v2\/comments?post=444"}],"version-history":[{"count":0,"href":"http:\/\/www.villadanlin.com\/fr\/wp-json\/wp\/v2\/pages\/444\/revisions"}],"wp:attachment":[{"href":"http:\/\/www.villadanlin.com\/fr\/wp-json\/wp\/v2\/media?parent=444"}],"curies":[{"name":"wp","href":"https:\/\/api.w.org\/{rel}","templated":true}]}}