{"id":441,"date":"2016-05-11T23:02:25","date_gmt":"2016-05-11T20:02:25","guid":{"rendered":"http:\/\/www.villadanlin.com\/fr\/?page_id=441"},"modified":"2016-05-27T10:56:11","modified_gmt":"2016-05-27T07:56:11","slug":"accueil","status":"publish","type":"page","link":"http:\/\/www.villadanlin.com\/fr\/","title":{"rendered":"Accueil"},"content":{"rendered":"<div class=\"fusion-fullwidth fullwidth-box fusion-fullwidth-1  fusion-parallax-none nonhundred-percent-fullwidth\" style=\"border-color:#eae9e9;border-bottom-width: 0px;border-top-width: 0px;border-bottom-style: solid;border-top-style: solid;padding-bottom:20px;padding-top:20px;padding-left:;padding-right:;background-color:#a89e94;\"><style type=\"text\/css\" scoped=\"scoped\">.fusion-fullwidth-1 {\n                            padding-left: px !important;\n                            padding-right: px !important;\n                        }<\/style><div class=\"fusion-row\"><h1 style=\"text-align: center;\">Bienvenue \u00e0 Villa DanLin Hotel<\/h1>\n<div class=\"fusion-five-sixth fusion-layout-column fusion-spacing-yes\" style=\"margin-top:0px;margin-bottom:0px;\"><div class=\"fusion-column-wrapper\"><p style=\"text-align: center;\">Situ\u00e9 en\u00a0plein centre du village\u00a0de G\u00f6cek, Villa DanLin Hotel accueille tous ceux qui souhaitent jeter l&rsquo;ancre \u00e0 G\u00f6cek. Son emplacement sur la voie pi\u00e9tonne, \u00e0 proximit\u00e9 imm\u00e9diate de la longue promenade en bordure de mer ainsi que des restaurants, bars et boutiques fait de Villa DanLin Hotel un h\u00f4tel privil\u00e9gi\u00e9. En effet, d\u00e8s votre sortie de l&rsquo;h\u00f4tel, vous pourrez acc\u00e9der facilement aux marinas ou \u00ab\u00a0chiner\u00a0\u00bb dans les boutiques et go\u00fbter aux sp\u00e9cialit\u00e9s culinaires du pays en d\u00e9gustant du poisson frais, tout en appr\u00e9ciant la traditionnelle boisson turque, le \u00ab\u00a0rak\u0131\u00a0\u00bb, et finir sur une tasse de caf\u00e9 turc. Notre\u00a0cour int\u00e9rieure\u00a0calme et paisible abrite un\u00a0jardin\u00a0et un\u00a0espace piscine\u00a0am\u00e9nag\u00e9 avec des chaises longues et parasols qui vous attendent pour vos baignades et vos bains de soleil. Villa DanLin Hotel est un lieu de s\u00e9jour\u00a0confortable\u00a0et\u00a0mignon\u00a0pour vous relaxer et go\u00fbter aux plaisirs des vacances \u00e0 G\u00f6cek. Notre petit h\u00f4tel de charme associe confort et service de qualit\u00e9 dans une\u00a0ambiance chaleureuse\u00a0et\u00a0conviviale.<\/p>\n<div class=\"fusion-clearfix\"><\/div><\/div><\/div><div class=\"fusion-one-sixth fusion-layout-column fusion-column-last fusion-spacing-yes\" style=\"margin-top:0px;margin-bottom:0px;\"><div class=\"fusion-column-wrapper\"><div class=\"imageframe-align-center\"><span class=\"fusion-imageframe imageframe-none imageframe-1 hover-type-none fusion-animated\" data-animationType=\"fadeInRight\" data-animationDuration=\"1\" data-animationOffset=\"50%\"> <img decoding=\"async\" src=\"http:\/\/www.villadanlin.com\/wp-content\/uploads\/2016\/05\/bienvenu-copy.png\" alt=\"\" class=\"img-responsive\"width=\"411\" height=\"449\"\/><\/span><\/div><div class=\"fusion-clearfix\"><\/div><\/div><\/div><div class=\"fusion-clearfix\"><\/div><\/div><\/div><div class=\"fusion-fullwidth fullwidth-box fusion-fullwidth-2  fusion-parallax-fixed nonhundred-percent-fullwidth\" style=\"border-color:#eae9e9;border-bottom-width: 0px;border-top-width: 0px;border-bottom-style: solid;border-top-style: solid;padding-bottom:50px;padding-top:40px;padding-left:;padding-right:;background-attachment:fixed;background-color:#ffffff;background-position:center center;background-repeat:no-repeat;-webkit-background-size:cover;-moz-background-size:cover;-o-background-size:cover;background-size:cover;-ms-filter: &quot;progid:DXImageTransform.Microsoft.AlphaImageLoader(src=&#039;http:\/\/www.villadanlin.com\/wp-content\/uploads\/2016\/05\/arkaplan.jpg&#039;, sizingMethod=&#039;scale&#039;)&quot;;background-image: url(http:\/\/www.villadanlin.com\/wp-content\/uploads\/2016\/05\/arkaplan.jpg);\"><style type=\"text\/css\" scoped=\"scoped\">.fusion-fullwidth-2 {\n                            padding-left: px !important;\n                            padding-right: px !important;\n                        }<\/style><div class=\"fusion-row\"><h2 style=\"text-align: center;\"><span style=\"color: #ffffff;\">Nous pour vous ! L\u2019hospitalit\u00e9 au coeur !<\/span><\/h2>\n<div class=\"fusion-one-half fusion-layout-column fusion-spacing-yes\" style=\"margin-top:0px;margin-bottom:0px;\"><div class=\"fusion-column-wrapper fusion-animated\" style=\"background-color:#ffffff;\" data-animationType=\"fadeInUp\" data-animationDuration=\"1\" data-animationOffset=\"50%\"><div class=\"fusion-column-table\"><div class=\"fusion-column-tablecell\"><div class=\"imageframe-align-center\"><span class=\"fusion-imageframe imageframe-none imageframe-2 hover-type-none\"> <img decoding=\"async\" src=\"http:\/\/www.villadanlin.com\/wp-content\/uploads\/2016\/05\/ev-sahiplerimiz.jpg\" alt=\"\" class=\"img-responsive\"width=\"614\" height=\"300\"\/><\/span><\/div><div class=\"fusion-sep-clear\"><\/div><div class=\"fusion-separator fusion-full-width-sep sep-none\" style=\"border-color:#e0dede;margin-left: auto;margin-right: auto;margin-top:;margin-bottom:20px;\"><\/div><h4 style=\"text-align: center;\">\u00a0Aydan &amp; Bahad\u0131r<\/h4>\n<p style=\"text-align: center;\">Vos h\u00f4tes<\/p>\n<div class=\"fusion-clearfix\"><\/div><\/div><\/div><\/div><\/div><div class=\"fusion-one-half fusion-layout-column fusion-column-last fusion-spacing-yes\" style=\"margin-top:0px;margin-bottom:0px;\"><div class=\"fusion-column-wrapper fusion-animated\" data-animationType=\"fadeInRight\" data-animationDuration=\"1\" data-animationOffset=\"50%\"><div class=\"fusion-column-table\"><div class=\"fusion-column-tablecell\"><h1 style=\"text-align: center;\"><span style=\"color: #ffffff;\">Pourquoi Nous ?<\/span><\/h1>\n<ul class=\"fusion-checklist fusion-checklist-1\" style=\"font-size:20px;line-height:34px;\"><li class=\"fusion-li-item\"><span style=\"background-color:#ffffff;font-size:17.6px;height:34px;width:34px;margin-right:14px;\" class=\"icon-wrapper circle-yes\"><i class=\"fusion-li-icon fa fa-map-marker\" style=\"color:#481a1d;\"><\/i><\/span><div class=\"fusion-li-item-content\" style=\"margin-left:48px;\">\n<h3><span style=\"color: #ffffff;\">Location Centrale<\/span><\/h3>\n<\/div><\/li><li class=\"fusion-li-item\"><span style=\"background-color:#ffffff;font-size:17.6px;height:34px;width:34px;margin-right:14px;\" class=\"icon-wrapper circle-yes\"><i class=\"fusion-li-icon fa fa-leaf\" style=\"color:#481a1d;\"><\/i><\/span><div class=\"fusion-li-item-content\" style=\"margin-left:48px;\">\n<h3><span style=\"color: #ffffff;\">Ambiance Conviviale avec Piscine et Jardin en Patio<\/span><\/h3>\n<\/div><\/li><li class=\"fusion-li-item\"><span style=\"background-color:#ffffff;font-size:17.6px;height:34px;width:34px;margin-right:14px;\" class=\"icon-wrapper circle-yes\"><i class=\"fusion-li-icon fa fa-heart\" style=\"color:#481a1d;\"><\/i><\/span><div class=\"fusion-li-item-content\" style=\"margin-left:48px;\">\n<h3><span style=\"color: #ffffff;\">Confortable, Charmant &amp; Calme<\/span><\/h3>\n<\/div><\/li><\/ul><div class=\"fusion-clearfix\"><\/div><\/div><\/div><\/div><\/div><div class=\"fusion-clearfix\"><\/div><div class=\"fusion-sep-clear\"><\/div><div class=\"fusion-separator fusion-full-width-sep sep-none\" style=\"border-color:#e0dede;margin-left: auto;margin-right: auto;margin-top:;margin-bottom:25px;\"><\/div><div class=\"fusion-one-fifth fusion-layout-column fusion-spacing-yes\" style=\"margin-top:0px;margin-bottom:0px;\"><div class=\"fusion-column-wrapper\" style=\"background-color:#d8d8d8;\"><div class=\"fusion-counters-box counters-box row fusion-clearfix fusion-columns-1\"><div class=\"fusion-counter-box fusion-column col-counter-box counter-box-wrapper col-lg-12 col-md-12 col-sm-12\" data-animationOffset=\"50%\"><div class=\"counter-box-container\" style=\"border: 1px solid #e0dede;\"><div class=\"content-box-percentage content-box-counter\" style=\"color:#481a1d;font-size:25px;line-height:normal;\"><i class=\"counter-box-icon fa fontawesome-icon fa-home\" style=\"font-size:50px;display:block;\"><\/i><span class=\"display-counter\" data-value=\"13\" data-direction=\"up\">0<\/span><span class=\"unit\"> Chambres<\/span><\/div><div class=\"counter-box-content\" style=\"color:#481a1d;font-size:13px;\"><\/div><\/div><\/div><\/div><div class=\"clearfix\"><\/div><div class=\"fusion-clearfix\"><\/div><\/div><\/div><div class=\"fusion-one-fifth fusion-layout-column fusion-spacing-yes\" style=\"margin-top:0px;margin-bottom:0px;\"><div class=\"fusion-column-wrapper\" style=\"background-color:#d8d8d8;\"><div class=\"fusion-counters-box counters-box row fusion-clearfix fusion-columns-1\"><div class=\"fusion-counter-box fusion-column col-counter-box counter-box-wrapper col-lg-12 col-md-12 col-sm-12\" data-animationOffset=\"50%\"><div class=\"counter-box-container\" style=\"border: 1px solid #e0dede;\"><div class=\"content-box-percentage content-box-counter\" style=\"color:#481a1d;font-size:25px;line-height:normal;\"><i class=\"counter-box-icon fa fontawesome-icon fa-bed\" style=\"font-size:50px;display:block;\"><\/i><span class=\"display-counter\" data-value=\"10\" data-direction=\"up\">0<\/span><span class=\"unit\"> Chambres Doubles<\/span><\/div><div class=\"counter-box-content\" style=\"color:#481a1d;font-size:13px;\"><\/div><\/div><\/div><\/div><div class=\"clearfix\"><\/div><div class=\"fusion-clearfix\"><\/div><\/div><\/div><div class=\"fusion-one-fifth fusion-layout-column fusion-spacing-yes\" style=\"margin-top:0px;margin-bottom:0px;\"><div class=\"fusion-column-wrapper\" style=\"background-color:#d8d8d8;\"><div class=\"fusion-counters-box counters-box row fusion-clearfix fusion-columns-1\"><div class=\"fusion-counter-box fusion-column col-counter-box counter-box-wrapper col-lg-12 col-md-12 col-sm-12\" data-animationOffset=\"50%\"><div class=\"counter-box-container\" style=\"border: 1px solid #e0dede;\"><div class=\"content-box-percentage content-box-counter\" style=\"color:#481a1d;font-size:25px;line-height:normal;\"><i class=\"counter-box-icon fa fontawesome-icon fa-bed\" style=\"font-size:50px;display:block;\"><\/i><span class=\"display-counter\" data-value=\"3\" data-direction=\"up\">0<\/span><span class=\"unit\"> Chambres Triples<\/span><\/div><div class=\"counter-box-content\" style=\"color:#481a1d;font-size:13px;\"><\/div><\/div><\/div><\/div><div class=\"clearfix\"><\/div><div class=\"fusion-clearfix\"><\/div><\/div><\/div><div class=\"fusion-one-fifth fusion-layout-column fusion-spacing-yes\" style=\"margin-top:0px;margin-bottom:0px;\"><div class=\"fusion-column-wrapper\" style=\"background-color:#d8d8d8;\"><div class=\"fusion-counters-box counters-box row fusion-clearfix fusion-columns-1\"><div class=\"fusion-counter-box fusion-column col-counter-box counter-box-wrapper col-lg-12 col-md-12 col-sm-12\" data-animationOffset=\"50%\"><div class=\"counter-box-container\" style=\"border: 1px solid #e0dede;\"><div class=\"content-box-percentage content-box-counter\" style=\"color:#481a1d;font-size:25px;line-height:normal;\"><i class=\"counter-box-icon fa fontawesome-icon fa-users\" style=\"font-size:50px;display:block;\"><\/i><span class=\"display-counter\" data-value=\"6\" data-direction=\"up\">0<\/span><span class=\"unit\"> Salari\u00e9s D\u00e9di\u00e9s<\/span><\/div><div class=\"counter-box-content\" style=\"color:#481a1d;font-size:13px;\"><\/div><\/div><\/div><\/div><div class=\"clearfix\"><\/div><div class=\"fusion-clearfix\"><\/div><\/div><\/div><div class=\"fusion-one-fifth fusion-layout-column fusion-column-last fusion-spacing-yes\" style=\"margin-top:0px;margin-bottom:0px;\"><div class=\"fusion-column-wrapper\" style=\"background-color:#d8d8d8;\"><div class=\"fusion-counters-box counters-box row fusion-clearfix fusion-columns-1\"><div class=\"fusion-counter-box fusion-column col-counter-box counter-box-wrapper col-lg-12 col-md-12 col-sm-12\" data-animationOffset=\"50%\"><div class=\"counter-box-container\" style=\"border: 1px solid #e0dede;\"><div class=\"content-box-percentage content-box-counter\" style=\"color:#481a1d;font-size:25px;line-height:normal;\"><i class=\"counter-box-icon fa fontawesome-icon fa-thumbs-o-up\" style=\"font-size:50px;display:block;\"><\/i><span class=\"display-counter\" data-value=\"82\" data-direction=\"up\">0<\/span><span class=\"unit\">% de clients satisfaits sur TripAdvisor<\/span><\/div><div class=\"counter-box-content\" style=\"color:#481a1d;font-size:13px;\"><\/div><\/div><\/div><\/div><div class=\"clearfix\"><\/div><div class=\"fusion-clearfix\"><\/div><\/div><\/div><div class=\"fusion-clearfix\"><\/div><\/div><\/div>\n","protected":false},"excerpt":{"rendered":"","protected":false},"author":1,"featured_media":0,"parent":0,"menu_order":0,"comment_status":"closed","ping_status":"closed","template":"100-width.php","meta":{"_sitemap_exclude":false,"_sitemap_priority":"","_sitemap_frequency":"","footnotes":""},"class_list":["post-441","page","type-page","status-publish","hentry"],"_links":{"self":[{"href":"http:\/\/www.villadanlin.com\/fr\/wp-json\/wp\/v2\/pages\/441","targetHints":{"allow":["GET"]}}],"collection":[{"href":"http:\/\/www.villadanlin.com\/fr\/wp-json\/wp\/v2\/pages"}],"about":[{"href":"http:\/\/www.villadanlin.com\/fr\/wp-json\/wp\/v2\/types\/page"}],"author":[{"embeddable":true,"href":"http:\/\/www.villadanlin.com\/fr\/wp-json\/wp\/v2\/users\/1"}],"replies":[{"embeddable":true,"href":"http:\/\/www.villadanlin.com\/fr\/wp-json\/wp\/v2\/comments?post=441"}],"version-history":[{"count":0,"href":"http:\/\/www.villadanlin.com\/fr\/wp-json\/wp\/v2\/pages\/441\/revisions"}],"wp:attachment":[{"href":"http:\/\/www.villadanlin.com\/fr\/wp-json\/wp\/v2\/media?parent=441"}],"curies":[{"name":"wp","href":"https:\/\/api.w.org\/{rel}","templated":true}]}}