{"id":396,"date":"2016-05-22T14:39:53","date_gmt":"2016-05-22T11:39:53","guid":{"rendered":"http:\/\/www.villadanlin.com\/en\/?page_id=396"},"modified":"2016-05-26T22:12:07","modified_gmt":"2016-05-26T19:12:07","slug":"about-gocek","status":"publish","type":"page","link":"http:\/\/www.villadanlin.com\/en\/about-gocek\/","title":{"rendered":"About G\u00f6cek"},"content":{"rendered":"<div class=\"fusion-fullwidth fullwidth-box fusion-fullwidth-1  fusion-parallax-none nonhundred-percent-fullwidth\" style=\"border-color:#eae9e9;border-bottom-width: 0px;border-top-width: 0px;border-bottom-style: solid;border-top-style: solid;padding-bottom:50px;padding-top:50px;padding-left:;padding-right:;background-color:#e8e8e8;\"><style type=\"text\/css\" scoped=\"scoped\">.fusion-fullwidth-1 {\n                            padding-left: px !important;\n                            padding-right: px !important;\n                        }<\/style><div class=\"fusion-row\"><div class=\"fusion-one-half fusion-layout-column fusion-spacing-yes\" style=\"margin-top:0px;margin-bottom:0px;\"><div class=\"fusion-column-wrapper\"><h1 style=\"text-align: center;\">G\u00f6cek<\/h1>\n<p style=\"text-align: center;\">At only 22 km from Dalaman International Airport, G\u00f6cek is a quiet and peaceful village of great charm on the south Aegean coast. Surrounded by the sea and the beautiful forested mountains, the gorgeous bay of G\u00f6cek, indented with islands and beautiful coves offer some irresistible landscapes. The gathering of various sailboats, motorboats and gullets, which either moor at the marinas or anchor in the bay offers some amazing seascapes as well. Located in the furthest north end of the gulf of Fethiye and based on yacht tourism, G\u00f6cek has become one of the most famous leisure harbors of Turkey. Hence. G\u00f6cek is undeniably \u201cthe\u201d stop for the yachtsmen, sailors and Blue Cruisers.<\/p>\n<p style=\"text-align: center;\">Excellent starting point for the boat tours toward the 12 islands of the bay, G\u00f6cek is also a meeting point to appreciate the charm of the town. Indeed, after having walked on the waterfront, discover the town and shop for carpets, jewels or souvenirs, you may taste in the restaurants either the Turkish cuisine or have some fresh fish while enjoying the local drink called \u201crak\u0131\u201d and finish up with a cup of Turkish coffee. G\u00f6cek also offers to the nature lovers, a wide scale of possibilities of trips and sightseeing tours in the region. Indeed, G\u00f6cek is an excellent starting point to explore the south Aegean and Mediterranean coasts of Turkey and its typical cities, such as\u00a0Fethiye, \u00d6l\u00fcdeniz, Dalyan, etc\u2026<\/p>\n<div class=\"fusion-clearfix\"><\/div><\/div><\/div><div class=\"fusion-one-half fusion-layout-column fusion-column-last fusion-spacing-yes\" style=\"margin-top:0px;margin-bottom:0px;\"><div class=\"fusion-column-wrapper\"><div class=\"fusion-image-carousel fusion-image-carousel-auto lightbox-enabled\"><div class=\"fusion-carousel\" data-autoplay=\"yes\" data-columns=\"1\" data-itemmargin=\"13\" data-itemwidth=\"180\" data-touchscroll=\"no\" data-imagesize=\"auto\" data-scrollitems=\"1\"><div class=\"fusion-carousel-positioner\"><ul class=\"fusion-carousel-holder\"><li class=\"fusion-carousel-item\"><div class=\"fusion-carousel-item-wrapper\"><div class=\"fusion-image-wrapper hover-type-none\"><a data-rel=\"iLightbox[gallery_image_1]\" data-title=\"gocekresim (8)\" href=\"http:\/\/www.villadanlin.com\/wp-content\/uploads\/2016\/05\/gocekresim-8.jpg\" target=\"_self\"><img loading=\"lazy\" decoding=\"async\" src=\"http:\/\/www.villadanlin.com\/wp-content\/uploads\/2016\/05\/gocekresim-8.jpg\" width=\"866\" height=\"960\" alt=\"\" \/><\/a><\/div><\/div><\/li><li class=\"fusion-carousel-item\"><div class=\"fusion-carousel-item-wrapper\"><div class=\"fusion-image-wrapper hover-type-none\"><a data-rel=\"iLightbox[gallery_image_1]\" data-title=\"gocekresim (7)\" href=\"http:\/\/www.villadanlin.com\/wp-content\/uploads\/2016\/05\/gocekresim-7.jpg\" target=\"_self\"><img loading=\"lazy\" decoding=\"async\" src=\"http:\/\/www.villadanlin.com\/wp-content\/uploads\/2016\/05\/gocekresim-7.jpg\" width=\"866\" height=\"960\" alt=\"\" \/><\/a><\/div><\/div><\/li><li class=\"fusion-carousel-item\"><div class=\"fusion-carousel-item-wrapper\"><div class=\"fusion-image-wrapper hover-type-none\"><a data-rel=\"iLightbox[gallery_image_1]\" data-title=\"gocekresim (6)\" href=\"http:\/\/www.villadanlin.com\/wp-content\/uploads\/2016\/05\/gocekresim-6.jpg\" target=\"_self\"><img loading=\"lazy\" decoding=\"async\" src=\"http:\/\/www.villadanlin.com\/wp-content\/uploads\/2016\/05\/gocekresim-6.jpg\" width=\"866\" height=\"960\" alt=\"\" \/><\/a><\/div><\/div><\/li><li class=\"fusion-carousel-item\"><div class=\"fusion-carousel-item-wrapper\"><div class=\"fusion-image-wrapper hover-type-none\"><a data-rel=\"iLightbox[gallery_image_1]\" data-title=\"gocekresim (5)\" href=\"http:\/\/www.villadanlin.com\/wp-content\/uploads\/2016\/05\/gocekresim-5.jpg\" target=\"_self\"><img loading=\"lazy\" decoding=\"async\" src=\"http:\/\/www.villadanlin.com\/wp-content\/uploads\/2016\/05\/gocekresim-5.jpg\" width=\"866\" height=\"960\" alt=\"\" \/><\/a><\/div><\/div><\/li><li class=\"fusion-carousel-item\"><div class=\"fusion-carousel-item-wrapper\"><div class=\"fusion-image-wrapper hover-type-none\"><a data-rel=\"iLightbox[gallery_image_1]\" data-title=\"gocekresim (4)\" href=\"http:\/\/www.villadanlin.com\/wp-content\/uploads\/2016\/05\/gocekresim-4.jpg\" target=\"_self\"><img loading=\"lazy\" decoding=\"async\" src=\"http:\/\/www.villadanlin.com\/wp-content\/uploads\/2016\/05\/gocekresim-4.jpg\" width=\"866\" height=\"960\" alt=\"\" \/><\/a><\/div><\/div><\/li><li class=\"fusion-carousel-item\"><div class=\"fusion-carousel-item-wrapper\"><div class=\"fusion-image-wrapper hover-type-none\"><a data-rel=\"iLightbox[gallery_image_1]\" data-title=\"gocekresim (3)\" href=\"http:\/\/www.villadanlin.com\/wp-content\/uploads\/2016\/05\/gocekresim-3.jpg\" target=\"_self\"><img loading=\"lazy\" decoding=\"async\" src=\"http:\/\/www.villadanlin.com\/wp-content\/uploads\/2016\/05\/gocekresim-3.jpg\" width=\"866\" height=\"960\" alt=\"\" \/><\/a><\/div><\/div><\/li><li class=\"fusion-carousel-item\"><div class=\"fusion-carousel-item-wrapper\"><div class=\"fusion-image-wrapper hover-type-none\"><a data-rel=\"iLightbox[gallery_image_1]\" data-title=\"gocekresim (2)\" href=\"http:\/\/www.villadanlin.com\/wp-content\/uploads\/2016\/05\/gocekresim-2.jpg\" target=\"_self\"><img loading=\"lazy\" decoding=\"async\" src=\"http:\/\/www.villadanlin.com\/wp-content\/uploads\/2016\/05\/gocekresim-2.jpg\" width=\"866\" height=\"960\" alt=\"\" \/><\/a><\/div><\/div><\/li><li class=\"fusion-carousel-item\"><div class=\"fusion-carousel-item-wrapper\"><div class=\"fusion-image-wrapper hover-type-none\"><a data-rel=\"iLightbox[gallery_image_1]\" data-title=\"gocekresim (1)\" href=\"http:\/\/www.villadanlin.com\/wp-content\/uploads\/2016\/05\/gocekresim-1.jpg\" target=\"_self\"><img loading=\"lazy\" decoding=\"async\" src=\"http:\/\/www.villadanlin.com\/wp-content\/uploads\/2016\/05\/gocekresim-1.jpg\" width=\"866\" height=\"960\" alt=\"\" \/><\/a><\/div><\/div><\/li><\/ul><div class=\"fusion-carousel-nav\"><span class=\"fusion-nav-prev\"><\/span><span class=\"fusion-nav-next\"><\/span><\/div><\/div><\/div><\/div><div class=\"fusion-clearfix\"><\/div><\/div><\/div><div class=\"fusion-clearfix\"><\/div><div class=\"fusion-one-half fusion-layout-column fusion-spacing-yes\" style=\"margin-top:0px;margin-bottom:0px;\"><div class=\"fusion-column-wrapper\"><div class=\"imageframe-align-center\"><span class=\"fusion-imageframe imageframe-bottomshadow imageframe-1 element-bottomshadow hover-type-none\"><a href=\"http:\/\/www.villadanlin.com\/wp-content\/uploads\/2016\/05\/gocek-haritasi-22.jpg\" class=\"fusion-lightbox\" data-rel=\"iLightbox[38780cc0157cd01dfa8]\" data-title=\"gocek-haritasi-22\"> <img decoding=\"async\" src=\"http:\/\/www.villadanlin.com\/wp-content\/uploads\/2016\/05\/gocek-haritasi-22.jpg\" alt=\"\" class=\"img-responsive\"width=\"900\" height=\"478\"\/><\/a><\/span><\/div><div class=\"fusion-clearfix\"><\/div><\/div><\/div><div class=\"fusion-one-half fusion-layout-column fusion-column-last fusion-spacing-yes\" style=\"margin-top:0px;margin-bottom:0px;\"><div class=\"fusion-column-wrapper\"><div class=\"imageframe-align-center\"><span class=\"fusion-imageframe imageframe-bottomshadow imageframe-2 element-bottomshadow hover-type-none\"><a href=\"http:\/\/www.villadanlin.com\/wp-content\/uploads\/2016\/05\/gocek-harita-1.jpg\" class=\"fusion-lightbox\" data-rel=\"iLightbox[ad4f99fac70cdebe7ec]\" data-title=\"gocek harita (1)\"> <img decoding=\"async\" src=\"http:\/\/www.villadanlin.com\/wp-content\/uploads\/2016\/05\/gocek-harita-1.jpg\" alt=\"\" class=\"img-responsive\"width=\"900\" height=\"478\"\/><\/a><\/span><\/div><div class=\"fusion-clearfix\"><\/div><\/div><\/div><div class=\"fusion-clearfix\"><\/div><div class=\"fusion-one-half fusion-layout-column fusion-spacing-yes\" style=\"margin-top:0px;margin-bottom:0px;\"><div class=\"fusion-column-wrapper\"><h3 style=\"text-align: center;\">Activities in G\u00f6cek<\/h3>\n<ul>\n<li>Daily Boat Trips in Private or in Group (12 islands G\u00f6cek Cruise)<\/li>\n<li>Inlice Beach (at 5 minutes by car \u2013 Public Beach)<\/li>\n<li>G\u00f6cek Island Beach<\/li>\n<li>D-Marin Beach<\/li>\n<li>Visit of G\u00f6cek Bays by Car (Ayten Bay, Boynuzb\u00fck\u00fc Bay, Sarsala Bay, etc.)<\/li>\n<li>Hiking in Nature<\/li>\n<li>Motorcycle<\/li>\n<li>Bicycle<\/li>\n<li>Water Sports (Water ski, Banana, etc.)<\/li>\n<li>Tennis<\/li>\n<li>Sailing Competition<\/li>\n<\/ul>\n<div class=\"fusion-clearfix\"><\/div><\/div><\/div><div class=\"fusion-one-half fusion-layout-column fusion-column-last fusion-spacing-yes\" style=\"margin-top:0px;margin-bottom:0px;\"><div class=\"fusion-column-wrapper\"><h3 style=\"text-align: center;\">Activities Around G\u00f6cek<\/h3>\n<p>At only 20 km from the Dalaman airport, the town of G\u00f6cek has an ideal location in order to visit some neighbouring sites on a daily basis.<\/p>\n<p>On Marmaris direction ;<\/p>\n<ul>\n<li>Dalaman River Rafting \u2013 30 km<\/li>\n<li>Sar\u0131germe (Beach) \u2013 30 km<\/li>\n<li>Dalyan (\u0130zTuzu Beach, Caretta Turtles, Kaunos, Rock Tombs, Mud Bath) \u2013 30 km<\/li>\n<li>Akyaka G\u00f6kova (Nature, Beach, Kitesurf, Windsurf) \u2013\u00a0 80 km<\/li>\n<\/ul>\n<p>On Ka\u015f direction ;<\/p>\n<ul>\n<li>Horse Riding at Yan\u0131klar \u2013 20 km<\/li>\n<li>Fethiye (City Center and Roch Tombs) \u2013 30 km<\/li>\n<li>Kaya K\u00f6y\u00fc \u2013 35 km<\/li>\n<li>\u00d6l\u00fcdeniz (Beach, Paragliding) \u2013 40 km<\/li>\n<li>Kabak Bay, Butterfly Valley (Beach, Hiking) \u2013 45 km<\/li>\n<li>Sakl\u0131kent Gorge \u2013 60 km<\/li>\n<li>Tlos Ancient City \u2013 60 km<\/li>\n<li>Patara Beach \u2013 70 km<\/li>\n<li>Xanthos Ancient City \u2013 70 km<\/li>\n<\/ul>\n<div class=\"fusion-clearfix\"><\/div><\/div><\/div><div class=\"fusion-clearfix\"><\/div><\/div><\/div>\n","protected":false},"excerpt":{"rendered":"","protected":false},"author":1,"featured_media":0,"parent":0,"menu_order":0,"comment_status":"closed","ping_status":"closed","template":"100-width.php","meta":{"_sitemap_exclude":false,"_sitemap_priority":"","_sitemap_frequency":"","footnotes":""},"class_list":["post-396","page","type-page","status-publish","hentry"],"_links":{"self":[{"href":"http:\/\/www.villadanlin.com\/en\/wp-json\/wp\/v2\/pages\/396","targetHints":{"allow":["GET"]}}],"collection":[{"href":"http:\/\/www.villadanlin.com\/en\/wp-json\/wp\/v2\/pages"}],"about":[{"href":"http:\/\/www.villadanlin.com\/en\/wp-json\/wp\/v2\/types\/page"}],"author":[{"embeddable":true,"href":"http:\/\/www.villadanlin.com\/en\/wp-json\/wp\/v2\/users\/1"}],"replies":[{"embeddable":true,"href":"http:\/\/www.villadanlin.com\/en\/wp-json\/wp\/v2\/comments?post=396"}],"version-history":[{"count":0,"href":"http:\/\/www.villadanlin.com\/en\/wp-json\/wp\/v2\/pages\/396\/revisions"}],"wp:attachment":[{"href":"http:\/\/www.villadanlin.com\/en\/wp-json\/wp\/v2\/media?parent=396"}],"curies":[{"name":"wp","href":"https:\/\/api.w.org\/{rel}","templated":true}]}}