{"id":384,"date":"2016-05-11T23:04:23","date_gmt":"2016-05-11T20:04:23","guid":{"rendered":"http:\/\/www.villadanlin.com\/en\/?page_id=384"},"modified":"2016-05-26T21:52:19","modified_gmt":"2016-05-26T18:52:19","slug":"our-story","status":"publish","type":"page","link":"http:\/\/www.villadanlin.com\/en\/our-story\/","title":{"rendered":"Our Story"},"content":{"rendered":"<div class=\"fusion-fullwidth fullwidth-box fusion-fullwidth-1  fusion-parallax-none nonhundred-percent-fullwidth\" style=\"border-color:#eae9e9;border-bottom-width: 0px;border-top-width: 0px;border-bottom-style: solid;border-top-style: solid;padding-bottom:50px;padding-top:50px;padding-left:;padding-right:;background-color:#e8e8e8;background-position:center top;background-repeat:no-repeat;-webkit-background-size:cover;-moz-background-size:cover;-o-background-size:cover;background-size:cover;-ms-filter: &quot;progid:DXImageTransform.Microsoft.AlphaImageLoader(src=&#039;http:\/\/www.villadanlin.com\/wp-content\/uploads\/2016\/05\/hakki-arka.jpg&#039;, sizingMethod=&#039;scale&#039;)&quot;;background-image: url(http:\/\/www.villadanlin.com\/wp-content\/uploads\/2016\/05\/hakki-arka.jpg);\"><style type=\"text\/css\" scoped=\"scoped\">.fusion-fullwidth-1 {\n                            padding-left: px !important;\n                            padding-right: px !important;\n                        }<\/style><div class=\"fusion-row\"><div class=\"fusion-one-half fusion-layout-column fusion-spacing-yes\" style=\"margin-top:0px;margin-bottom:0px;\"><div class=\"fusion-column-wrapper\"><p style=\"text-align: justify;\">Our story begins when the 2 main characters U\u011fur and Fran\u00e7oise meet each other in France and decide to return to Turkey with their two daughters: Aylin and Aydan.<\/p>\n<p style=\"text-align: justify;\">During one of their typical family summer vacation, they discover a small village called G\u00f6cek and fall in love with this otantic village with such a beautiful sea and landscape, warm inhabitants and decide to come to G\u00f6cek every summer.<\/p>\n<p style=\"text-align: justify;\">As they feel that their vacation is not enough to enjoy thoroughly G\u00f6cek, they decide to build a house there. After building carefully their future house, they start to enjoy fully their time spent there. It is impossible not to mention the beautiful garden that Fran\u00e7oise designed with many efforts, a garden that is also the favourite playground of the two cats of the house. From one side to the other, you can find various species of trees and flowers: from a magnolia, to a tangerine tree, from a glycine, to a beautiful bougainvillea. Please note that sharing a glass of cool freshly squeezed lemonade, made with the lemons of the garden lemon trees, with their friends who want to escape from the daily heat is a unique pleasure for them.<\/p>\n<div class=\"fusion-clearfix\"><\/div><\/div><\/div><div class=\"fusion-one-half fusion-layout-column fusion-column-last fusion-spacing-yes\" style=\"margin-top:0px;margin-bottom:0px;\"><div class=\"fusion-column-wrapper\"><div class=\"imageframe-align-center\"><span style=\"-moz-box-shadow: 2px 3px 7px rgba(0,0,0,.3);-webkit-box-shadow: 2px 3px 7px rgba(0,0,0,.3);box-shadow: 2px 3px 7px rgba(0,0,0,.3);\" class=\"fusion-imageframe imageframe-dropshadow imageframe-1 hover-type-none\"> <img decoding=\"async\" src=\"http:\/\/www.villadanlin.com\/wp-content\/uploads\/2016\/05\/danlin-h1.jpg\" alt=\"\" class=\"img-responsive\"width=\"747\" height=\"500\"\/><\/span><\/div><div class=\"fusion-clearfix\"><\/div><\/div><\/div><div class=\"fusion-clearfix\"><\/div><div class=\"fusion-one-half fusion-layout-column fusion-spacing-yes\" style=\"margin-top:0px;margin-bottom:0px;\"><div class=\"fusion-column-wrapper\"><div class=\"imageframe-align-center\"><span style=\"-moz-box-shadow: 2px 3px 7px rgba(0,0,0,.3);-webkit-box-shadow: 2px 3px 7px rgba(0,0,0,.3);box-shadow: 2px 3px 7px rgba(0,0,0,.3);\" class=\"fusion-imageframe imageframe-dropshadow imageframe-2 hover-type-none\"> <img decoding=\"async\" src=\"http:\/\/www.villadanlin.com\/wp-content\/uploads\/2016\/05\/danlin-h2.jpg\" alt=\"\" class=\"img-responsive\"width=\"747\" height=\"500\"\/><\/span><\/div><div class=\"fusion-clearfix\"><\/div><\/div><\/div><div class=\"fusion-one-half fusion-layout-column fusion-column-last fusion-spacing-yes\" style=\"margin-top:0px;margin-bottom:0px;\"><div class=\"fusion-column-wrapper\"><p style=\"text-align: justify;\">Meanwhile, the number of people visiting G\u00f6cek increase and U\u011fur starts to think that the existing accommodation service may soon not be enough and propose his project to the rest of the family: opening a small hotel in the heart of the town! The idea is accepted by the family and there starts the construction of the hotel in 2000. U\u011fur and Fran\u00e7oise work hard and want to put into this hotel design all their personal touch that comes from their trips abroad and want to offer to their guest the comfort and their way of understanding of the quality of a hotel service. After 3 years of construction, next thing to find is the name of the hotel. Without hesitation, U\u011fur suggests a name: Villa\u00a0<strong>DanLin<\/strong>, from the name of his 2 daughters Ay<strong>dan<\/strong>\u00a0and Ay<strong>lin<\/strong>.<\/p>\n<div class=\"fusion-clearfix\"><\/div><\/div><\/div><div class=\"fusion-clearfix\"><\/div><div class=\"fusion-sep-clear\"><\/div><div class=\"fusion-separator fusion-full-width-sep sep-none\" style=\"border-color:#e0dede;margin-left: auto;margin-right: auto;margin-top:25px;\"><\/div><div class=\"fusion-one-half fusion-layout-column fusion-spacing-yes\" style=\"margin-top:0px;margin-bottom:0px;\"><div class=\"fusion-column-wrapper\"><p style=\"text-align: justify;\">Indeed, this story tells the lovely story of the G\u00f6kt\u00fcrk family and the enthusiasm of all of them to do the job they all loved. Do not believe that this hotel is run in an amatory way, because the 2 daughters of the family came also to G\u00f6cek after their studies done in France and the USA to share their learning in order to manage Villa DanLin the best way they know. The first year the flag is hold by Aylin. After she gives it to Fran\u00e7oise who is enjoying to work there for several years. For the last two years Aydan and her husband Bahad\u0131r are trying to do their best in order to satisfy their guests and to provide to their two kids (4 and 3 years old) a life in the middle of the G\u00f6cek nature. What about U\u011fur and Fran\u00e7oise? They have fulfilled together their plan and enjoy to stop by at the hotel for chatting. Who knows, maybe one night you will meet one of them in the front yard and hear the rest of this story and the funny details about Villa DanLin from them personally.<\/p>\n<div class=\"fusion-clearfix\"><\/div><\/div><\/div><div class=\"fusion-one-half fusion-layout-column fusion-column-last fusion-spacing-yes\" style=\"margin-top:0px;margin-bottom:0px;\"><div class=\"fusion-column-wrapper\"><div class=\"imageframe-align-center\"><span style=\"-moz-box-shadow: 2px 3px 7px rgba(0,0,0,.3);-webkit-box-shadow: 2px 3px 7px rgba(0,0,0,.3);box-shadow: 2px 3px 7px rgba(0,0,0,.3);\" class=\"fusion-imageframe imageframe-dropshadow imageframe-3 hover-type-none\"> <img decoding=\"async\" src=\"http:\/\/www.villadanlin.com\/wp-content\/uploads\/2016\/05\/danlin-h3.jpg\" alt=\"\" class=\"img-responsive\"width=\"747\" height=\"500\"\/><\/span><\/div><div class=\"fusion-clearfix\"><\/div><\/div><\/div><div class=\"fusion-clearfix\"><\/div><\/div><\/div>\n","protected":false},"excerpt":{"rendered":"","protected":false},"author":1,"featured_media":0,"parent":0,"menu_order":0,"comment_status":"closed","ping_status":"closed","template":"100-width.php","meta":{"_sitemap_exclude":false,"_sitemap_priority":"","_sitemap_frequency":"","footnotes":""},"class_list":["post-384","page","type-page","status-publish","hentry"],"_links":{"self":[{"href":"http:\/\/www.villadanlin.com\/en\/wp-json\/wp\/v2\/pages\/384","targetHints":{"allow":["GET"]}}],"collection":[{"href":"http:\/\/www.villadanlin.com\/en\/wp-json\/wp\/v2\/pages"}],"about":[{"href":"http:\/\/www.villadanlin.com\/en\/wp-json\/wp\/v2\/types\/page"}],"author":[{"embeddable":true,"href":"http:\/\/www.villadanlin.com\/en\/wp-json\/wp\/v2\/users\/1"}],"replies":[{"embeddable":true,"href":"http:\/\/www.villadanlin.com\/en\/wp-json\/wp\/v2\/comments?post=384"}],"version-history":[{"count":0,"href":"http:\/\/www.villadanlin.com\/en\/wp-json\/wp\/v2\/pages\/384\/revisions"}],"wp:attachment":[{"href":"http:\/\/www.villadanlin.com\/en\/wp-json\/wp\/v2\/media?parent=384"}],"curies":[{"name":"wp","href":"https:\/\/api.w.org\/{rel}","templated":true}]}}